{"id":1731,"date":"2023-08-10T09:45:38","date_gmt":"2023-08-10T07:45:38","guid":{"rendered":"https:\/\/website.pa-online.it\/sperlinga\/?page_id=1731"},"modified":"2023-08-10T09:45:38","modified_gmt":"2023-08-10T07:45:38","slug":"storia","status":"publish","type":"page","link":"https:\/\/website-preprod.pa-online.it\/sperlinga\/storia\/","title":{"rendered":"Storia"},"content":{"rendered":"<p>Il toponimo Sperlinga \u00e8 di origine greca e deriva dal termine \u201cspelino\u201d, Spelunca, che significa spelonca, grotta. Infatti il sito su cui sorge Sperlinga e tutto il territorio circostante \u00e8 cosparso di numerose grotte artificiali scavate nell&#8217;arenaria.<br \/>\nSperlinga nasce il 30 novembre nel 1597, quando il re Filippo IV concesse a Giovanni Forti Natoli il privilegio di &#8220;potervi fabbricare terre&#8221;. Da allora, il paese si \u00e8 sviluppato e il numero degli abitanti \u00e8 aumentato.<br \/>\nSuccessivamente fu costruita la chiesa dedicata a S. Giovanni Battista ed i primi atti parrocchiali sono datati 1612. Nei secoli precedenti alla nascita di Sperlinga, esisteva semplicemente la fortezza e le poche case costruite ai piedi del castello.<br \/>\nL&#8217;avvenimento pi\u00f9 importante nella storia di Sperlinga \u00e8 senz&#8217;altro il Vespro Siciliano del 1282. Quando la ribellione contro la dominazione angioina si diffuse per tutti i paesi della Sicilia, una guarnigione di francesi doveva trovarsi nel castello di Sperlinga; raggiunti dalla notizia della rivolta la guarnigione francese si asserragli\u00f2 all&#8217;interno del castello, dove, aiutata per gli approvvigionamenti dai signori locali, resistette per quasi un anno.<br \/>\nSi ricorda che il singolare fatto riguardante Sperlinga \u00e8 stato immortalato dal Tasso nella sua Gerusalemme conquistata: (&#8230;) o di Sperlingo, al fin pietoso a&#8217; Franchi, (&#8230;).<\/p>\n<p>Le vicende storiche del vespro Siciliano relative ai fatti accaduti a Sperlinga, per la loro singolarit\u00e0, suscitarono grande clamore in tutta la Sicilia ed anche altrove la tradizione popolare lo testimonia. In Spagna, riporta G. Zurita, (1585) correva questo detto: &#8220;Sola Esperlinga no quiso, lo che a toda Sicilia plugo&#8221;. Ci\u00f2 dimostra che la notizia si fece strada giungendo molto lontano. Ovunque si conosce il motto scolpito su due pietre nell&#8217;arco a sesto acuto del vestibolo del castello che recita: \u201cQuod siculis placuit sola Sperlinga negavit\u201d. Da un attento esame dei caratteri delle lettere scolpiti si desume che la scritta \u00e8 postuma e forse risale alla fine del XVI secolo, o al principio del seguente, quando la signoria del castello pass\u00f2 al principe Giovanni Forti Natoli che fece di Sperlinga il titolo del suo principato. Il verso latino \u00e8 un esametro, la cui traduzione \u00e8 la seguente: La sola Sperlinga neg\u00f2 ci\u00f2 che ai Siciliani piacque.<br \/>\nLa storia di Sperlinga si identifica con le famiglie che possedettero il castello ed i feudi annessi.<br \/>\nIl primo signore di Sperlinga di cui abbiamo notizie fu Russo Rubeo (o Russo Rosso) nel 1132 col titolo di Barone. Dopo la guerra del Vespro (1282) il re Pietro d&#8217;Aragona, che fece distruggere il castello, assegn\u00f2 la baronia di Sperlinga a Francesco Scaglione. Nel 1296, stando a quanto scrive B. Muscia, (1692), il castello di Sperlinga si trova in mano a Francesco Ventimiglia. La famiglia Ventimiglia possedette il castello e le terre annesse fino al 1597 quando Giovanni Ventimiglia vendette a Giovanni Forti Natoli la baronia di Sperlinga. Il re Filippo IV concesse al Natoli, per s\u00e9 e per i suoi discendenti, il titolo di principe erigendo la baronia a principato. Giovanni Natoli, destin\u00f2 la rocca a centro propulsore del suo principato, iniziando cos\u00ec l&#8217;ascesa economica connessa al ritorno alla terra dell&#8217;aristocrazia imprenditoriale. L&#8217;adattamento della fortezza a palazzo baronale, la fondazione di una nuova chiesa madre fuori della cinta, alla quale passarono tutti i privilegi di quella antichissima che era all&#8217;interno del castello, indicano la volont\u00e0 colonizzatrice di questo nuovo signore.<br \/>\nFrancesco Natoli, vendette a Giovanni Stefano Oneto la fortezza di Sperlinga, quest&#8217;ultimo fu il primo duca di Sperlinga. A lui successe il figlio Domenico nel 1680 quale primogenito. L&#8217;ultimo duca di Sperlinga fu Giuseppe Oneto e Lanza che nel 1862 concesse il castello in enfiteusi al barone Nunzio Nicosia da Nicosia. Gli eredi del Nicosia nel 1973 lo donarono al Comune di Sperlinga. Oggi, dopo i lavori di restauro, \u00e8 fruibile al pubblico.<\/p>\n<p>&nbsp;<\/p>\n","protected":false},"excerpt":{"rendered":"<p>Il toponimo Sperlinga \u00e8 di origine greca e deriva dal termine \u201cspelino\u201d, Spelunca, che significa spelonca, grotta. Infatti il sito su cui sorge Sperlinga e tutto il territorio circostante \u00e8 cosparso di numerose grotte artificiali scavate [&hellip;]<\/p>\n","protected":false},"author":21,"featured_media":0,"parent":0,"menu_order":0,"comment_status":"closed","ping_status":"closed","template":"page-templates\/template-completo.php","meta":{"_lmt_disableupdate":"","_lmt_disable":"","footnotes":""},"class_list":["post-1731","page","type-page","status-publish","hentry"],"_links":{"self":[{"href":"https:\/\/website-preprod.pa-online.it\/sperlinga\/wp-json\/wp\/v2\/pages\/1731","targetHints":{"allow":["GET"]}}],"collection":[{"href":"https:\/\/website-preprod.pa-online.it\/sperlinga\/wp-json\/wp\/v2\/pages"}],"about":[{"href":"https:\/\/website-preprod.pa-online.it\/sperlinga\/wp-json\/wp\/v2\/types\/page"}],"author":[{"embeddable":true,"href":"https:\/\/website-preprod.pa-online.it\/sperlinga\/wp-json\/wp\/v2\/users\/21"}],"replies":[{"embeddable":true,"href":"https:\/\/website-preprod.pa-online.it\/sperlinga\/wp-json\/wp\/v2\/comments?post=1731"}],"version-history":[{"count":1,"href":"https:\/\/website-preprod.pa-online.it\/sperlinga\/wp-json\/wp\/v2\/pages\/1731\/revisions"}],"predecessor-version":[{"id":1732,"href":"https:\/\/website-preprod.pa-online.it\/sperlinga\/wp-json\/wp\/v2\/pages\/1731\/revisions\/1732"}],"wp:attachment":[{"href":"https:\/\/website-preprod.pa-online.it\/sperlinga\/wp-json\/wp\/v2\/media?parent=1731"}],"curies":[{"name":"wp","href":"https:\/\/api.w.org\/{rel}","templated":true}]}}