{"id":1432,"date":"2023-04-18T09:43:45","date_gmt":"2023-04-18T07:43:45","guid":{"rendered":"https:\/\/website.pa-online.it\/sperlinga\/?page_id=1432"},"modified":"2023-08-22T12:04:52","modified_gmt":"2023-08-22T10:04:52","slug":"note-legali","status":"publish","type":"page","link":"https:\/\/website-preprod.pa-online.it\/sperlinga\/note-legali\/","title":{"rendered":"Note Legali"},"content":{"rendered":"<div data-element=\"prova\"><b><u>Premessa<\/u><\/b>\u00a0Il\u00a0<b><i>Comune di Sperlinga <\/i><\/b>ha realizzato il sito ufficiale <a href=\"https:\/\/www.comune.sperlinga.en.it\/hh\/index.php\">www.comune.sperlinga.en.it<\/a> per dare ai propri utenti, cittadini ed aziende, informazioni e trasparenza sulle attivit\u00e0 dell&#8217;Amministrazione Comunale e consentire un facile accesso ai servizi. L&#8217;obiettivo perseguito \u00e8 quello di fornire un&#8217;informazione il pi\u00f9 possibile aggiornata e precisa. I contenuti possono talvolta non essere esaurienti, completi o aggiornati, nonostante vi sia una redazione continuamente attiva. Qualora dovessero essere segnalati degli errori, si provveder\u00e0 a correggerli nel pi\u00f9 breve tempo possibile. Le informazioni sono talvolta collegate con siti esterni sui quali i servizi del Comune non hanno alcun controllo e per i quali il Comune non si assume alcuna responsabilit\u00e0. \u00c8 cura del <b><i>Comune di Sperlinga <\/i><\/b>ridurre al minimo le disfunzioni imputabili a problemi tecnici. Parte dei dati o delle informazioni presenti nel sito potrebbero tuttavia essere stati inseriti o strutturati in archivi\/banche dati o formati non esenti da errori. Non si garantisce pertanto che il servizio non subisca interruzioni o che non sia in altro modo influenzato da tali problemi. Le informazioni direttamente gestite dalla redazione web comunale sono quelle contenute nel sito <a href=\"https:\/\/www.comune.sperlinga.en.it\/hh\/index.php\">www.comune.sperlinga.en.it<\/a>.<\/div>\n<div data-element=\"prova\"><\/div>\n<div data-element=\"prova\"><b><u>Clausola di responsabilit\u00e0<\/u><\/b> Il <em><strong>Comune di Sperlinga<\/strong><\/em> attraverso il proprio sito vuole veicolare informazioni puntuali e costantemente aggiornate ma non si assume alcuna responsabilit\u00e0 se:<\/div>\n<div data-element=\"prova\">\n<ul>\n<li>i contenuti non saranno precisi, completi o aggiornati.<\/li>\n<li>i contenuti di siti esterni, eventualmente puntati dal proprio sito internet, presentano malfunzionamenti o informazioni poco attendibili.<\/li>\n<li>per eventuali problemi derivanti dall\u2019utilizzo del presente sito o di eventuali siti esterni ad esso collegati.<\/li>\n<\/ul>\n<p>Le specifiche suddette non hanno lo scopo di limitare la responsabilit\u00e0 del <strong><em>Comune di Sperlinga<\/em><\/strong> in violazione alle disposizioni di legge eventualmente applicabili.<\/p>\n<p><b><u>Contenuti<\/u><\/b> Tutti i contenuti e le informazioni presenti all&#8217;interno del sito del <strong><em>Comune di Sperlinga <\/em><\/strong>sono di propriet\u00e0 del <strong><em>Comune di Sperlinga<\/em><\/strong>, pertanto nulla, neppure in parte, potr\u00e0 essere copiato, modificato o rivenduto per fini di lucro. Gli oggetti presenti in questo sito per lo scaricamento (download) quali ad esempio la modulistica sono liberamente e gratuitamente disponibili. La riproduzione o l&#8217;impiego di informazioni testuali e multimediali (suoni, immagini, software ecc.) sono consentiti con indicazione della fonte e &#8211; qualora sia richiesta un&#8217;autorizzazione preliminare &#8211; questa indicher\u00e0 esplicitamente ogni eventuale restrizione.<\/p>\n<p><b><u>Licenza Creative Commons<\/u><\/b> I contenuti di questo sito sono rilasciati sotto Licenza Creative Commons; salvo dove \u00e8 diversamente specificato. Questo significa che, ove non diversamente specificato, i contenuti di questo sito sono liberamente distribuibili e riutilizzabili, a patto che sia sempre citata la fonte e riportato l&#8217;indirizzo web della pagina originale.<\/p>\n<\/div>\n","protected":false},"excerpt":{"rendered":"<p>Premessa\u00a0Il\u00a0Comune di Sperlinga ha realizzato il sito ufficiale www.comune.sperlinga.en.it per dare ai propri utenti, cittadini ed aziende, informazioni e trasparenza sulle attivit\u00e0 dell&#8217;Amministrazione Comunale e consentire un facile accesso ai servizi. L&#8217;obiettivo perseguito \u00e8 quello di [&hellip;]<\/p>\n","protected":false},"author":1,"featured_media":0,"parent":0,"menu_order":0,"comment_status":"closed","ping_status":"closed","template":"page-templates\/note-legali.php","meta":{"_lmt_disableupdate":"","_lmt_disable":"","footnotes":""},"class_list":["post-1432","page","type-page","status-publish","hentry"],"_links":{"self":[{"href":"https:\/\/website-preprod.pa-online.it\/sperlinga\/wp-json\/wp\/v2\/pages\/1432","targetHints":{"allow":["GET"]}}],"collection":[{"href":"https:\/\/website-preprod.pa-online.it\/sperlinga\/wp-json\/wp\/v2\/pages"}],"about":[{"href":"https:\/\/website-preprod.pa-online.it\/sperlinga\/wp-json\/wp\/v2\/types\/page"}],"author":[{"embeddable":true,"href":"https:\/\/website-preprod.pa-online.it\/sperlinga\/wp-json\/wp\/v2\/users\/1"}],"replies":[{"embeddable":true,"href":"https:\/\/website-preprod.pa-online.it\/sperlinga\/wp-json\/wp\/v2\/comments?post=1432"}],"version-history":[{"count":5,"href":"https:\/\/website-preprod.pa-online.it\/sperlinga\/wp-json\/wp\/v2\/pages\/1432\/revisions"}],"predecessor-version":[{"id":1906,"href":"https:\/\/website-preprod.pa-online.it\/sperlinga\/wp-json\/wp\/v2\/pages\/1432\/revisions\/1906"}],"wp:attachment":[{"href":"https:\/\/website-preprod.pa-online.it\/sperlinga\/wp-json\/wp\/v2\/media?parent=1432"}],"curies":[{"name":"wp","href":"https:\/\/api.w.org\/{rel}","templated":true}]}}